{"id":4200,"date":"2021-09-02T06:38:23","date_gmt":"2021-09-02T06:38:23","guid":{"rendered":"https:\/\/demothemedh.b-cdn.net\/rbpazt\/?page_id=4200"},"modified":"2024-08-19T08:28:39","modified_gmt":"2024-08-19T06:28:39","slug":"about-us","status":"publish","type":"page","link":"https:\/\/euromotorio.ba\/?page_id=4200","title":{"rendered":"O nama"},"content":{"rendered":"<div class=\"wp-block-image\">\n<figure class=\"aligncenter size-full\"><img fetchpriority=\"high\" decoding=\"async\" width=\"820\" height=\"360\" src=\"https:\/\/euromotorio.ba\/wp-content\/uploads\/2022\/06\/88309126_1801314486666829_1873047521392066560_n.jpg\" alt=\"\" class=\"wp-image-4438\" srcset=\"https:\/\/euromotorio.ba\/wp-content\/uploads\/2022\/06\/88309126_1801314486666829_1873047521392066560_n.jpg 820w, https:\/\/euromotorio.ba\/wp-content\/uploads\/2022\/06\/88309126_1801314486666829_1873047521392066560_n-800x351.jpg 800w, https:\/\/euromotorio.ba\/wp-content\/uploads\/2022\/06\/88309126_1801314486666829_1873047521392066560_n-300x132.jpg 300w, https:\/\/euromotorio.ba\/wp-content\/uploads\/2022\/06\/88309126_1801314486666829_1873047521392066560_n-768x337.jpg 768w\" sizes=\"(max-width: 820px) 100vw, 820px\" \/><\/figure>\n<\/div>\n\n\n<p>EuroMotorio je specijalizirana trgovina autodijelovima koja posluje na podru\u010dju Bosne i Hercegovine sa sjedi\u0161tem u Sarajevu od 2007 godine. Nudimo \u0161irok asortiman proizvoda mnogih renomiranih proizvo\u0111a\u010da i stru\u010dnu podr\u0161ku kako bi izabrali najbolje za va\u0161eg ljubimca.<\/p>\n\n\n\n<p>Preko 30000 zadovoljnih kupaca \u0107e Vam re\u0107i kako je na\u0161 tim i na\u0161a firma u slu\u017ebi Vama jer motiv na\u0161e firme glasi: <strong>NAJVI\u0160E ZA KRAJNJEG KUPCA!!!<\/strong><\/p>\n","protected":false},"excerpt":{"rendered":"<p>EuroMotorio je specijalizirana trgovina autodijelovima koja posluje na podru\u010dju Bosne i Hercegovine sa sjedi\u0161tem u Sarajevu od 2007 godine. Nudimo \u0161irok asortiman proizvoda mnogih renomiranih proizvo\u0111a\u010da i stru\u010dnu podr\u0161ku kako bi izabrali najbolje za va\u0161eg ljubimca. Preko 30000 zadovoljnih kupaca \u0107e Vam re\u0107i kako je na\u0161 tim i na\u0161a firma u slu\u017ebi Vama jer motiv [&hellip;]<\/p>\n","protected":false},"author":1,"featured_media":0,"parent":0,"menu_order":0,"comment_status":"closed","ping_status":"closed","template":"","meta":{"_seopress_robots_primary_cat":"","_seopress_titles_title":"","_seopress_titles_desc":"","_seopress_robots_index":"","footnotes":""},"class_list":["post-4200","page","type-page","status-publish","hentry"],"jetpack_sharing_enabled":true,"_links":{"self":[{"href":"https:\/\/euromotorio.ba\/index.php?rest_route=\/wp\/v2\/pages\/4200","targetHints":{"allow":["GET"]}}],"collection":[{"href":"https:\/\/euromotorio.ba\/index.php?rest_route=\/wp\/v2\/pages"}],"about":[{"href":"https:\/\/euromotorio.ba\/index.php?rest_route=\/wp\/v2\/types\/page"}],"author":[{"embeddable":true,"href":"https:\/\/euromotorio.ba\/index.php?rest_route=\/wp\/v2\/users\/1"}],"replies":[{"embeddable":true,"href":"https:\/\/euromotorio.ba\/index.php?rest_route=%2Fwp%2Fv2%2Fcomments&post=4200"}],"version-history":[{"count":2,"href":"https:\/\/euromotorio.ba\/index.php?rest_route=\/wp\/v2\/pages\/4200\/revisions"}],"predecessor-version":[{"id":4941,"href":"https:\/\/euromotorio.ba\/index.php?rest_route=\/wp\/v2\/pages\/4200\/revisions\/4941"}],"wp:attachment":[{"href":"https:\/\/euromotorio.ba\/index.php?rest_route=%2Fwp%2Fv2%2Fmedia&parent=4200"}],"curies":[{"name":"wp","href":"https:\/\/api.w.org\/{rel}","templated":true}]}}