{"id":4597,"date":"2022-06-29T20:48:40","date_gmt":"2022-06-29T18:48:40","guid":{"rendered":"https:\/\/euromotorio.ba\/?post_type=product&#038;p=4597"},"modified":"2025-11-13T19:43:36","modified_gmt":"2025-11-13T18:43:36","slug":"liqui-moly-top-tec-4200","status":"publish","type":"product","link":"https:\/\/euromotorio.ba\/?product=liqui-moly-top-tec-4200","title":{"rendered":"<font color=\"#ffc801\">31940 <\/font>LIQUI MOLY TOP TEC 4200 5W30 1 LIT"},"content":{"rendered":"<div class=\"woocommerce-tabs wc-tabs-wrapper\">\n<div id=\"tab-description\" class=\"woocommerce-Tabs-panel woocommerce-Tabs-panel--description panel wc-tab\" role=\"tabpanel\" aria-labelledby=\"tab-title-description\">\n<div data-component-name=\"text\" data-component-container=\"true\">\n<div>\n<p>Izaberite ulje za motor LIQUI MOLY TOP TEC 4200 5W30 1<br \/>\nLIT (6X1L PAK) SIVI i njegove \u0107e inteligentne molekule \u0161tititi motor va\u0161eg automobila u kriti\u010dnoj fazi zagrijavanja u kojoj dolazi do 75% tro\u0161enja motora.<\/p>\n<\/div>\n<\/div>\n<div data-component-name=\"text\" data-component-container=\"true\">\n<div>\n<ul>\n<li>Koristi djelomi\u010dno sintetsku tehnologiju.<\/li>\n<li>Prianja uz va\u0161 motor stvaraju\u0107i dodatni sloj koji \u0161titi tijekom i nakon zagrijavanja.<\/li>\n<li>Spaja se na metalne povr\u0161ine \u010dine\u0107i dijelove motora otpornijima na tro\u0161enje.<\/li>\n<li>Pru\u017ea za\u0161titu u svim uvjetima i stilovima vo\u017enje.<\/li>\n<\/ul>\n<p><em><strong>\u00a0Popust 30% !!<\/strong><\/em><\/p>\n<\/div>\n<p>NUDIMO PREMIUM KVALITETU DIJELOVA ZA VOZILA PO NAJPOVOLJNIJIM CIJENAMA U BIH !! DOSTUPNI SU NAM SVI PROIZVO\u0110A\u010cI DIJELOVA PO \u017dELJI KUPCA !! RASPOLA\u017dEMO LAGEROM OD PREKO MILION ARTIKALA !! SLOGAN FIRME \u2013 PROVJERENO NAJVI\u0160E ZA KRAJNJEG KUPCA !!! HVALA NA POVJERENJU ! VIBER. 061350900<\/p>\n<\/div>\n<\/div>\n<\/div>\n","protected":false},"excerpt":{"rendered":"<p>Izaberite ulje za motor LIQUI MOLY TOP TEC 4200 5W30 1 LIT (6X1L PAK) SIVI i njegove \u0107e inteligentne molekule \u0161tititi motor va\u0161eg automobila u kriti\u010dnoj fazi zagrijavanja u kojoj dolazi do 75% tro\u0161enja motora. Koristi djelomi\u010dno sintetsku tehnologiju. Prianja uz va\u0161 motor stvaraju\u0107i dodatni sloj koji \u0161titi tijekom i nakon zagrijavanja. Spaja se na [&hellip;]<\/p>\n","protected":false},"featured_media":4730,"template":"","meta":{"_seopress_robots_primary_cat":"","_seopress_titles_title":"","_seopress_titles_desc":"","_seopress_robots_index":""},"pwb-brand":[],"product_cat":[15],"product_tag":[204],"class_list":{"0":"post-4597","1":"product","2":"type-product","3":"status-publish","4":"has-post-thumbnail","6":"product_cat-motorna-ulja","7":"product_tag-liqui-moly","8":"product_brand-liqui-moly","10":"first","11":"instock","12":"sale","13":"shipping-taxable","14":"purchasable","15":"product-type-simple"},"jetpack_sharing_enabled":true,"brands":[],"_links":{"self":[{"href":"https:\/\/euromotorio.ba\/index.php?rest_route=\/wp\/v2\/product\/4597","targetHints":{"allow":["GET"]}}],"collection":[{"href":"https:\/\/euromotorio.ba\/index.php?rest_route=\/wp\/v2\/product"}],"about":[{"href":"https:\/\/euromotorio.ba\/index.php?rest_route=\/wp\/v2\/types\/product"}],"wp:featuredmedia":[{"embeddable":true,"href":"https:\/\/euromotorio.ba\/index.php?rest_route=\/wp\/v2\/media\/4730"}],"wp:attachment":[{"href":"https:\/\/euromotorio.ba\/index.php?rest_route=%2Fwp%2Fv2%2Fmedia&parent=4597"}],"wp:term":[{"taxonomy":"pwb-brand","embeddable":true,"href":"https:\/\/euromotorio.ba\/index.php?rest_route=%2Fwp%2Fv2%2Fpwb-brand&post=4597"},{"taxonomy":"product_cat","embeddable":true,"href":"https:\/\/euromotorio.ba\/index.php?rest_route=%2Fwp%2Fv2%2Fproduct_cat&post=4597"},{"taxonomy":"product_tag","embeddable":true,"href":"https:\/\/euromotorio.ba\/index.php?rest_route=%2Fwp%2Fv2%2Fproduct_tag&post=4597"}],"curies":[{"name":"wp","href":"https:\/\/api.w.org\/{rel}","templated":true}]}}