{"id":6323,"date":"2024-08-30T12:22:52","date_gmt":"2024-08-30T10:22:52","guid":{"rendered":"https:\/\/euromotorio.ba\/?post_type=product&#038;p=6323"},"modified":"2024-09-16T09:47:39","modified_gmt":"2024-09-16T07:47:39","slug":"32204-liqui-moly-aditiv-za-ciscenje-karburatora-300-ml","status":"publish","type":"product","link":"https:\/\/euromotorio.ba\/?product=32204-liqui-moly-aditiv-za-ciscenje-karburatora-300-ml","title":{"rendered":"<font color=\"#ffc801\">32204<\/font> LIQUI MOLY ADITIV ZA \u010cI\u0160\u0106ENJE KARBURATORA 300 ML"},"content":{"rendered":"","protected":false},"excerpt":{"rendered":"","protected":false},"featured_media":6297,"template":"","meta":{"_seopress_robots_primary_cat":"","_seopress_titles_title":"","_seopress_titles_desc":"","_seopress_robots_index":""},"pwb-brand":[],"product_cat":[136,139],"product_tag":[204],"class_list":{"0":"post-6323","1":"product","2":"type-product","3":"status-publish","4":"has-post-thumbnail","6":"product_cat-aditivi","7":"product_cat-aditivi-za-benzin","8":"product_tag-liqui-moly","9":"product_brand-liqui-moly","11":"first","12":"instock","13":"sale","14":"shipping-taxable","15":"purchasable","16":"product-type-simple"},"jetpack_sharing_enabled":true,"brands":[],"_links":{"self":[{"href":"https:\/\/euromotorio.ba\/index.php?rest_route=\/wp\/v2\/product\/6323","targetHints":{"allow":["GET"]}}],"collection":[{"href":"https:\/\/euromotorio.ba\/index.php?rest_route=\/wp\/v2\/product"}],"about":[{"href":"https:\/\/euromotorio.ba\/index.php?rest_route=\/wp\/v2\/types\/product"}],"wp:featuredmedia":[{"embeddable":true,"href":"https:\/\/euromotorio.ba\/index.php?rest_route=\/wp\/v2\/media\/6297"}],"wp:attachment":[{"href":"https:\/\/euromotorio.ba\/index.php?rest_route=%2Fwp%2Fv2%2Fmedia&parent=6323"}],"wp:term":[{"taxonomy":"pwb-brand","embeddable":true,"href":"https:\/\/euromotorio.ba\/index.php?rest_route=%2Fwp%2Fv2%2Fpwb-brand&post=6323"},{"taxonomy":"product_cat","embeddable":true,"href":"https:\/\/euromotorio.ba\/index.php?rest_route=%2Fwp%2Fv2%2Fproduct_cat&post=6323"},{"taxonomy":"product_tag","embeddable":true,"href":"https:\/\/euromotorio.ba\/index.php?rest_route=%2Fwp%2Fv2%2Fproduct_tag&post=6323"}],"curies":[{"name":"wp","href":"https:\/\/api.w.org\/{rel}","templated":true}]}}