{"id":6973,"date":"2024-09-05T14:40:13","date_gmt":"2024-09-05T12:40:13","guid":{"rendered":"https:\/\/euromotorio.ba\/?post_type=product&#038;p=6973"},"modified":"2025-01-12T02:19:23","modified_gmt":"2025-01-12T01:19:23","slug":"37301-liqui-moly-aditiv-za-ciscenje-hladnjaka-1-lit","status":"publish","type":"product","link":"https:\/\/euromotorio.ba\/?product=37301-liqui-moly-aditiv-za-ciscenje-hladnjaka-1-lit","title":{"rendered":"<font color=\"#ffc801\">37301<\/font> LIQUI MOLY ADITIV ZA \u010cI\u0160\u0106ENJE HLADNJAKA 1 LIT"},"content":{"rendered":"","protected":false},"excerpt":{"rendered":"","protected":false},"featured_media":6909,"template":"","meta":{"_seopress_robots_primary_cat":"","_seopress_titles_title":"","_seopress_titles_desc":"","_seopress_robots_index":"","inline_featured_image":false},"pwb-brand":[],"product_cat":[136,141],"product_tag":[204],"class_list":{"0":"post-6973","1":"product","2":"type-product","3":"status-publish","4":"has-post-thumbnail","6":"product_brand-liqui-moly","7":"product_cat-aditivi","8":"product_cat-aditivi-za-hladnjak","9":"product_tag-liqui-moly","11":"first","12":"instock","13":"sale","14":"shipping-taxable","15":"purchasable","16":"product-type-simple"},"jetpack_sharing_enabled":true,"brands":[],"_links":{"self":[{"href":"https:\/\/euromotorio.ba\/index.php?rest_route=\/wp\/v2\/product\/6973","targetHints":{"allow":["GET"]}}],"collection":[{"href":"https:\/\/euromotorio.ba\/index.php?rest_route=\/wp\/v2\/product"}],"about":[{"href":"https:\/\/euromotorio.ba\/index.php?rest_route=\/wp\/v2\/types\/product"}],"wp:featuredmedia":[{"embeddable":true,"href":"https:\/\/euromotorio.ba\/index.php?rest_route=\/wp\/v2\/media\/6909"}],"wp:attachment":[{"href":"https:\/\/euromotorio.ba\/index.php?rest_route=%2Fwp%2Fv2%2Fmedia&parent=6973"}],"wp:term":[{"taxonomy":"pwb-brand","embeddable":true,"href":"https:\/\/euromotorio.ba\/index.php?rest_route=%2Fwp%2Fv2%2Fpwb-brand&post=6973"},{"taxonomy":"product_cat","embeddable":true,"href":"https:\/\/euromotorio.ba\/index.php?rest_route=%2Fwp%2Fv2%2Fproduct_cat&post=6973"},{"taxonomy":"product_tag","embeddable":true,"href":"https:\/\/euromotorio.ba\/index.php?rest_route=%2Fwp%2Fv2%2Fproduct_tag&post=6973"}],"curies":[{"name":"wp","href":"https:\/\/api.w.org\/{rel}","templated":true}]}}